{"id":1051,"date":"2022-07-22T09:46:28","date_gmt":"2022-07-22T07:46:28","guid":{"rendered":"https:\/\/espanissimo.com\/impressum\/"},"modified":"2026-03-18T09:12:17","modified_gmt":"2026-03-18T08:12:17","slug":"impressum","status":"publish","type":"page","link":"https:\/\/espanissimo.com\/de\/impressum\/","title":{"rendered":"Impressum"},"content":{"rendered":"<p>Allgemeine Gesch\u00e4ftsbedingungen f\u00fcr die Nutzung der Website <a class=\"decorated-link\" href=\"https:\/\/espanissimo.com\/de\/\" target=\"_new\" rel=\"noopener\">https:\/\/espanissimo.com\/<\/a><\/p>\n<h2>1. Einleitung<\/h2>\n<p>Der Zweck dieses Dokuments besteht darin, die Regeln f\u00fcr die Nutzung der Website <a class=\"decorated-link\" href=\"https:\/\/espanissimo.com\/de\/\" target=\"_new\" rel=\"noopener\">https:\/\/espanissimo.com\/<\/a> (im Folgenden \u201edie Website\u201c) festzulegen und zu regeln, die alle Seiten und deren Inhalte umfasst, die Eigentum von Espanissimo (im Folgenden Miguel Los Barroso) sind und \u00fcber die Domain <a class=\"decorated-link\" href=\"https:\/\/espanissimo.com\/de\/\" target=\"_new\" rel=\"noopener\">https:\/\/espanissimo.com\/<\/a> sowie deren Subdomains zug\u00e4nglich sind.<br \/>\nDie Nutzung der Website verleiht den Status eines Nutzers und impliziert die vollst\u00e4ndige Annahme aller in diesem Impressum enthaltenen Bedingungen. Der Nutzer verpflichtet sich, dieses Impressum bei jedem Zugriff auf die Website sorgf\u00e4ltig zu lesen, da sowohl die Website als auch die hierin enthaltenen Nutzungsbedingungen \u00c4nderungen unterliegen k\u00f6nnen.<\/p>\n<h2>2. Eigentum der Website<\/h2>\n<p>Der Inhaber dieser Website ist:<br \/>\n<strong>Name oder Firmenname:<\/strong> Espanissimo<br \/>\n<strong>Steuernummer (DNI oder CIF):<\/strong> 45386017W<br \/>\n<strong>Adresse:<\/strong> Calle Ancha 36, 11510 Puerto Real (C\u00e1diz), Spanien<br \/>\n<strong>Telefon:<\/strong> +34 603 65 27 40<br \/>\n<strong>E-Mail:<\/strong> <a class=\"decorated-link cursor-pointer\" rel=\"noopener\">info@espanissimo.com<\/a><\/p>\n<h2>3. Geistiges und gewerbliches Eigentum<\/h2>\n<p>Die geistigen Eigentumsrechte an dieser Website liegen bei Miguel Los Barroso.<br \/>\nDie Vervielf\u00e4ltigung, Verbreitung, Vermarktung oder Umgestaltung der Inhalte der Website \u2013 ganz oder teilweise \u2013 ohne vorherige Genehmigung, au\u00dfer zum pers\u00f6nlichen und privaten Gebrauch, stellt eine Verletzung der geistigen Eigentumsrechte von Miguel Los Barroso dar.<br \/>\nEbenso sind alle auf der Website enthaltenen Marken oder Kennzeichen jeglicher Art rechtlich gesch\u00fctzt.<br \/>\nDie unbefugte Nutzung der auf dieser Website enthaltenen Informationen sowie die Verletzung der geistigen oder gewerblichen Eigentumsrechte von Miguel Los Barroso kann zu entsprechenden rechtlichen Schritten und gegebenenfalls zu daraus resultierenden Haftungen f\u00fchren.<\/p>\n<h2>4. Haftungsausschluss<\/h2>\n<p>Die auf dieser Website enthaltenen Inhalte, Informationen und\/oder Hinweise sind rein indikativ zu verstehen. Miguel Los Barroso \u00fcbernimmt keinerlei Gew\u00e4hr f\u00fcr deren Wirksamkeit oder Genauigkeit und lehnt jegliche vertragliche oder au\u00dfervertragliche Haftung gegen\u00fcber Nutzern ab, die sich auf diese Informationen st\u00fctzen, da es in der Verantwortung der Nutzer liegt, deren Eignung nach eigenem Ermessen zu beurteilen.<br \/>\nDiese Website kann Inhalte ver\u00f6ffentlichen, die von Dritten oder Unternehmen bereitgestellt wurden; Miguel Los Barroso \u00fcbernimmt keine Gew\u00e4hr f\u00fcr die Richtigkeit oder Genauigkeit solcher Inhalte und lehnt jegliche vertragliche oder au\u00dfervertragliche Haftung gegen\u00fcber Nutzern ab, die sich darauf verlassen.<br \/>\nMiguel Los Barroso beh\u00e4lt sich das Recht vor, die Inhalte der Website ohne vorherige Ank\u00fcndigung und ohne Einschr\u00e4nkung zu \u00e4ndern.<br \/>\nMiguel Los Barroso \u00fcbernimmt keine Verantwortung f\u00fcr Sch\u00e4den, die durch die fehlende Verf\u00fcgbarkeit oder Kontinuit\u00e4t dieser Website und der angebotenen Dienstleistungen entstehen k\u00f6nnen.<br \/>\nMiguel Los Barroso garantiert nicht das Nichtvorhandensein von Viren oder anderen Elementen auf der Website, die Ver\u00e4nderungen an Ihrem Computersystem verursachen k\u00f6nnten.<br \/>\nMiguel Los Barroso \u00fcbernimmt keinerlei vertragliche oder au\u00dfervertragliche Haftung f\u00fcr Sch\u00e4den jeglicher Art, die durch Computerviren oder andere sch\u00e4dliche Elemente verursacht werden, die die Systeme der Nutzer beeintr\u00e4chtigen k\u00f6nnen.<\/p>\n<h2>5. Nutzungsbedingungen der Website f\u00fcr Nutzer<\/h2>\n<p>Der Zugang zu dieser Website ist kostenlos, mit Ausnahme der Kosten f\u00fcr die Verbindung \u00fcber das Telekommunikationsnetz, das vom vom Nutzer beauftragten Zugangsanbieter bereitgestellt wird.<br \/>\nMiguel Los Barroso hat derzeit keine tats\u00e4chliche Kenntnis dar\u00fcber, dass die Aktivit\u00e4ten oder Informationen, auf die verwiesen oder die empfohlen werden, rechtswidrig sind oder Rechte Dritter verletzen, die zu einer Entsch\u00e4digung f\u00fchren k\u00f6nnten. Sollte Miguel Los Barroso Kenntnis davon erlangen, dass ein Link rechtswidrig ist, wird er unverz\u00fcglich Ma\u00dfnahmen ergreifen, um den entsprechenden Link zu entfernen oder zu deaktivieren. In diesem Zusammenhang hat keine zust\u00e4ndige Beh\u00f6rde die Rechtswidrigkeit dieser Daten festgestellt, deren Entfernung angeordnet oder den Zugang dazu eingeschr\u00e4nkt.<br \/>\nDie Nutzung der Website zu Zwecken, die den Verm\u00f6genswerten oder Interessen von Miguel Los Barroso oder Dritten schaden oder die Netzwerke, Server oder andere Computerger\u00e4te (Hardware) oder Software von Miguel Los Barroso oder Dritten \u00fcberlasten, besch\u00e4digen oder unbrauchbar machen k\u00f6nnten, ist ausdr\u00fccklich untersagt.<br \/>\nSollte ein Nutzer Kenntnis davon haben, dass verlinkte Websites auf Seiten verweisen, deren Inhalte oder Dienstleistungen rechtswidrig, sch\u00e4dlich, herabw\u00fcrdigend, gewaltt\u00e4tig oder sittenwidrig sind, bitten wir ihn, Miguel Los Barroso zu kontaktieren.<\/p>\n<h2>6. Anwendbares Recht<\/h2>\n<p>Dieses Impressum unterliegt in allen Punkten dem spanischen Recht.<\/p>\n<h2>7. Kontakt<\/h2>\n<p>Wenn Sie Fragen zu den in diesem Impressum festgelegten Bedingungen haben oder Anregungen oder Empfehlungen geben m\u00f6chten, kontaktieren Sie uns bitte \u00fcber das Kontaktformular oder per E-Mail an <a class=\"decorated-link cursor-pointer\" rel=\"noopener\">info@espanissimo.com<\/a>.<\/p>\n<p>&nbsp;<\/p>\n<p style=\"font-size: 10px; font-style: italic; margin-bottom: 50px;\">Haftungsausschluss: Dieses Impressum wurde \u00fcber <a href=\"http:\/\/webhoy.es\/\" target=\"_blank\" rel=\"noopener\">webhoy.es<\/a> erstellt. Digital Sumus SLU (&#8222;WEBHOY&#8220;) \u00fcbernimmt keinerlei Verantwortung f\u00fcr die rechtliche G\u00fcltigkeit dieses Dokuments. Digital Sumus SLU garantiert weder die Richtigkeit noch die Genauigkeit der Inhalte und lehnt jegliche vertragliche oder au\u00dfervertragliche Haftung gegen\u00fcber Nutzern ab, die dieses Dokument verwenden. Digital Sumus SLU \u00fcbernimmt keine Verantwortung f\u00fcr m\u00f6gliche Sch\u00e4den oder Verluste, die sich aus der Nutzung dieses Dokuments durch Nutzer der Website oder durch den Websitebetreiber ergeben. Die gesamte Verantwortung f\u00fcr dieses Dokument liegt ausschlie\u00dflich beim Eigent\u00fcmer dieser Website, der f\u00fcr die L\u00f6schung, \u00c4nderung sowie f\u00fcr die Richtigkeit und Rechtm\u00e4\u00dfigkeit der darin enthaltenen Informationen verantwortlich ist. Vielen Dank f\u00fcr die Nutzung unseres Generators f\u00fcr Rechtstexte. Wir hoffen, dass er f\u00fcr Sie n\u00fctzlich war.<br \/>\nMit freundlichen Gr\u00fc\u00dfen,<br \/>\nAtt. <a href=\"https:\/\/webhoy.es\/\" target=\"_blank\" rel=\"noopener\"><strong>Webhoy | Agentur f\u00fcr digitales Marketing und Webdesign<\/strong><\/a><\/p>\n","protected":false},"excerpt":{"rendered":"<p>Allgemeine Gesch\u00e4ftsbedingungen f\u00fcr die Nutzung der Website https:\/\/espanissimo.com\/ 1. Einleitung Der Zweck dieses Dokuments besteht darin, die Regeln f\u00fcr die Nutzung der Website https:\/\/espanissimo.com\/ (im Folgenden \u201edie Website\u201c) festzulegen und zu regeln, die alle Seiten und deren Inhalte umfasst, die Eigentum von Espanissimo (im Folgenden Miguel Los Barroso) sind und \u00fcber die Domain https:\/\/espanissimo.com\/ sowie [&hellip;]<\/p>\n","protected":false},"author":1,"featured_media":0,"parent":0,"menu_order":0,"comment_status":"closed","ping_status":"closed","template":"","meta":{"site-sidebar-layout":"default","site-content-layout":"default","ast-site-content-layout":"default","site-content-style":"default","site-sidebar-style":"default","ast-global-header-display":"","ast-banner-title-visibility":"","ast-main-header-display":"","ast-hfb-above-header-display":"","ast-hfb-below-header-display":"","ast-hfb-mobile-header-display":"","site-post-title":"","ast-breadcrumbs-content":"","ast-featured-img":"","footer-sml-layout":"","ast-disable-related-posts":"","theme-transparent-header-meta":"default","adv-header-id-meta":"","stick-header-meta":"","header-above-stick-meta":"","header-main-stick-meta":"","header-below-stick-meta":"","astra-migrate-meta-layouts":"set","ast-page-background-enabled":"default","ast-page-background-meta":{"desktop":{"background-color":"var(--ast-global-color-4)","background-image":"","background-repeat":"repeat","background-position":"center center","background-size":"auto","background-attachment":"scroll","background-type":"","background-media":"","overlay-type":"","overlay-color":"","overlay-opacity":"","overlay-gradient":""},"tablet":{"background-color":"","background-image":"","background-repeat":"repeat","background-position":"center center","background-size":"auto","background-attachment":"scroll","background-type":"","background-media":"","overlay-type":"","overlay-color":"","overlay-opacity":"","overlay-gradient":""},"mobile":{"background-color":"","background-image":"","background-repeat":"repeat","background-position":"center center","background-size":"auto","background-attachment":"scroll","background-type":"","background-media":"","overlay-type":"","overlay-color":"","overlay-opacity":"","overlay-gradient":""}},"ast-content-background-meta":{"desktop":{"background-color":"var(--ast-global-color-5)","background-image":"","background-repeat":"repeat","background-position":"center center","background-size":"auto","background-attachment":"scroll","background-type":"","background-media":"","overlay-type":"","overlay-color":"","overlay-opacity":"","overlay-gradient":""},"tablet":{"background-color":"var(--ast-global-color-5)","background-image":"","background-repeat":"repeat","background-position":"center center","background-size":"auto","background-attachment":"scroll","background-type":"","background-media":"","overlay-type":"","overlay-color":"","overlay-opacity":"","overlay-gradient":""},"mobile":{"background-color":"var(--ast-global-color-5)","background-image":"","background-repeat":"repeat","background-position":"center center","background-size":"auto","background-attachment":"scroll","background-type":"","background-media":"","overlay-type":"","overlay-color":"","overlay-opacity":"","overlay-gradient":""}},"footnotes":""},"class_list":["post-1051","page","type-page","status-publish","hentry"],"_links":{"self":[{"href":"https:\/\/espanissimo.com\/de\/wp-json\/wp\/v2\/pages\/1051","targetHints":{"allow":["GET"]}}],"collection":[{"href":"https:\/\/espanissimo.com\/de\/wp-json\/wp\/v2\/pages"}],"about":[{"href":"https:\/\/espanissimo.com\/de\/wp-json\/wp\/v2\/types\/page"}],"author":[{"embeddable":true,"href":"https:\/\/espanissimo.com\/de\/wp-json\/wp\/v2\/users\/1"}],"replies":[{"embeddable":true,"href":"https:\/\/espanissimo.com\/de\/wp-json\/wp\/v2\/comments?post=1051"}],"version-history":[{"count":2,"href":"https:\/\/espanissimo.com\/de\/wp-json\/wp\/v2\/pages\/1051\/revisions"}],"predecessor-version":[{"id":1054,"href":"https:\/\/espanissimo.com\/de\/wp-json\/wp\/v2\/pages\/1051\/revisions\/1054"}],"wp:attachment":[{"href":"https:\/\/espanissimo.com\/de\/wp-json\/wp\/v2\/media?parent=1051"}],"curies":[{"name":"wp","href":"https:\/\/api.w.org\/{rel}","templated":true}]}}