{"id":996,"date":"2023-06-08T13:08:00","date_gmt":"2023-06-08T11:08:00","guid":{"rendered":"https:\/\/espanissimo.com\/erklaerung-zur-barrierefreiheit\/"},"modified":"2026-03-17T13:31:03","modified_gmt":"2026-03-17T12:31:03","slug":"erklaerung-zur-barrierefreiheit","status":"publish","type":"page","link":"https:\/\/espanissimo.com\/de\/erklaerung-zur-barrierefreiheit\/","title":{"rendered":"Erkl\u00e4rung zur Barrierefreiheit"},"content":{"rendered":"<p data-start=\"133\" data-end=\"435\">Bei <strong data-start=\"136\" data-end=\"147\">Espanissimo<\/strong> setzen wir uns daf\u00fcr ein, dass alle Menschen \u2013 unabh\u00e4ngig von Behinderung, Alter oder der verwendeten Technologie \u2013 ohne Barrieren auf unsere Website zugreifen k\u00f6nnen. Daf\u00fcr haben wir die vom World Wide Web Consortium (W3C) festgelegten <strong data-start=\"330\" data-end=\"381\">Web Content Accessibility Guidelines (WCAG) 2.0<\/strong> befolgt. <\/p>\n<p data-start=\"437\" data-end=\"534\">Zu den auf unserer Website umgesetzten Funktionen, die den Zugang zu allen Inhalten erleichtern, geh\u00f6ren:<\/p>\n<ul data-start=\"536\" data-end=\"1348\">\n<li data-start=\"536\" data-end=\"671\">\n<p data-start=\"538\" data-end=\"671\">Die visuellen Eigenschaften der Webseiten werden \u00fcber Stylesheets definiert, sodass Nutzer den Text nach ihren Vorlieben anpassen k\u00f6nnen.<\/p>\n<\/li>\n<li data-start=\"672\" data-end=\"800\">\n<p data-start=\"674\" data-end=\"800\">Die Schriftgr\u00f6\u00dfen werden mit relativen Einheiten definiert, sodass Nutzer die Schriftgr\u00f6\u00dfe \u00fcber die Einstellungen ihres Browsers vergr\u00f6\u00dfern oder verkleinern k\u00f6nnen.<\/p>\n<\/li>\n<li data-start=\"801\" data-end=\"1005\">\n<p data-start=\"803\" data-end=\"1005\">Die Seiten sind klar strukturiert \u2013 sowohl f\u00fcr Nutzer, die alle Inhalte sehen k\u00f6nnen, als auch f\u00fcr diejenigen, die Informationen mithilfe assistiver Technologien wie Screenreadern abrufen, oder f\u00fcr Nutzer, die Stylesheets deaktivieren usw.<\/p>\n<\/li>\n<li data-start=\"1006\" data-end=\"1073\">\n<p data-start=\"1008\" data-end=\"1073\">Alle Bilder enthalten beschreibenden Text im <strong data-start=\"1051\" data-end=\"1060\">\u201eALT\u201c<\/strong>-Attribut.<\/p>\n<\/li>\n<li data-start=\"1074\" data-end=\"1199\">\n<p data-start=\"1076\" data-end=\"1199\">Der verwendete HTML- und CSS-Code entspricht formalen Grammatiken, um eine korrekte Darstellung der Inhalte in verschiedenen Browsern sicherzustellen.<\/p>\n<\/li>\n<li data-start=\"1200\" data-end=\"1348\">\n<p data-start=\"1202\" data-end=\"1348\">Au\u00dferdem ist unsere Website so gestaltet, dass sie eine <strong data-start=\"1249\" data-end=\"1277\">Navigation mit hohem Kontrast<\/strong> erm\u00f6glicht, wodurch Nutzer zwischen Links und Text ohne Link unterscheiden k\u00f6nnen.<\/p>\n<\/li>\n<\/ul>\n<p data-start=\"1350\" data-end=\"1567\">Wenn du Schwierigkeiten hast, auf Informationen auf unserer Website zuzugreifen, oder wenn du Vorschl\u00e4ge oder Fragen zur Barrierefreiheit hast, z\u00f6gere bitte nicht, uns per E-Mail unter <strong data-start=\"1533\" data-end=\"1564\"><a class=\"decorated-link cursor-pointer\" href=\"mailto:info@espanissimo.com\" rel=\"noopener\" data-start=\"1535\" data-end=\"1562\">info@espanissimo.com<\/a><\/strong> zu kontaktieren.<\/p>\n","protected":false},"excerpt":{"rendered":"<p>Bei Espanissimo setzen wir uns daf\u00fcr ein, dass alle Menschen \u2013 unabh\u00e4ngig von Behinderung, Alter oder der verwendeten Technologie \u2013 ohne Barrieren auf unsere Website zugreifen k\u00f6nnen. Daf\u00fcr haben wir die vom World Wide Web Consortium (W3C) festgelegten Web Content Accessibility Guidelines (WCAG) 2.0 befolgt. Zu den auf unserer Website umgesetzten Funktionen, die den Zugang [&hellip;]<\/p>\n","protected":false},"author":1,"featured_media":0,"parent":0,"menu_order":0,"comment_status":"closed","ping_status":"closed","template":"","meta":{"site-sidebar-layout":"default","site-content-layout":"default","ast-site-content-layout":"default","site-content-style":"default","site-sidebar-style":"default","ast-global-header-display":"","ast-banner-title-visibility":"","ast-main-header-display":"","ast-hfb-above-header-display":"","ast-hfb-below-header-display":"","ast-hfb-mobile-header-display":"","site-post-title":"","ast-breadcrumbs-content":"","ast-featured-img":"","footer-sml-layout":"","ast-disable-related-posts":"","theme-transparent-header-meta":"default","adv-header-id-meta":"","stick-header-meta":"","header-above-stick-meta":"","header-main-stick-meta":"","header-below-stick-meta":"","astra-migrate-meta-layouts":"default","ast-page-background-enabled":"default","ast-page-background-meta":{"desktop":{"background-color":"var(--ast-global-color-4)","background-image":"","background-repeat":"repeat","background-position":"center center","background-size":"auto","background-attachment":"scroll","background-type":"","background-media":"","overlay-type":"","overlay-color":"","overlay-opacity":"","overlay-gradient":""},"tablet":{"background-color":"","background-image":"","background-repeat":"repeat","background-position":"center center","background-size":"auto","background-attachment":"scroll","background-type":"","background-media":"","overlay-type":"","overlay-color":"","overlay-opacity":"","overlay-gradient":""},"mobile":{"background-color":"","background-image":"","background-repeat":"repeat","background-position":"center center","background-size":"auto","background-attachment":"scroll","background-type":"","background-media":"","overlay-type":"","overlay-color":"","overlay-opacity":"","overlay-gradient":""}},"ast-content-background-meta":{"desktop":{"background-color":"var(--ast-global-color-5)","background-image":"","background-repeat":"repeat","background-position":"center center","background-size":"auto","background-attachment":"scroll","background-type":"","background-media":"","overlay-type":"","overlay-color":"","overlay-opacity":"","overlay-gradient":""},"tablet":{"background-color":"var(--ast-global-color-5)","background-image":"","background-repeat":"repeat","background-position":"center center","background-size":"auto","background-attachment":"scroll","background-type":"","background-media":"","overlay-type":"","overlay-color":"","overlay-opacity":"","overlay-gradient":""},"mobile":{"background-color":"var(--ast-global-color-5)","background-image":"","background-repeat":"repeat","background-position":"center center","background-size":"auto","background-attachment":"scroll","background-type":"","background-media":"","overlay-type":"","overlay-color":"","overlay-opacity":"","overlay-gradient":""}},"footnotes":""},"class_list":["post-996","page","type-page","status-publish","hentry"],"_links":{"self":[{"href":"https:\/\/espanissimo.com\/de\/wp-json\/wp\/v2\/pages\/996","targetHints":{"allow":["GET"]}}],"collection":[{"href":"https:\/\/espanissimo.com\/de\/wp-json\/wp\/v2\/pages"}],"about":[{"href":"https:\/\/espanissimo.com\/de\/wp-json\/wp\/v2\/types\/page"}],"author":[{"embeddable":true,"href":"https:\/\/espanissimo.com\/de\/wp-json\/wp\/v2\/users\/1"}],"replies":[{"embeddable":true,"href":"https:\/\/espanissimo.com\/de\/wp-json\/wp\/v2\/comments?post=996"}],"version-history":[{"count":1,"href":"https:\/\/espanissimo.com\/de\/wp-json\/wp\/v2\/pages\/996\/revisions"}],"predecessor-version":[{"id":997,"href":"https:\/\/espanissimo.com\/de\/wp-json\/wp\/v2\/pages\/996\/revisions\/997"}],"wp:attachment":[{"href":"https:\/\/espanissimo.com\/de\/wp-json\/wp\/v2\/media?parent=996"}],"curies":[{"name":"wp","href":"https:\/\/api.w.org\/{rel}","templated":true}]}}