{"id":1229,"date":"2022-07-22T09:46:58","date_gmt":"2022-07-22T07:46:58","guid":{"rendered":"https:\/\/espanissimo.com\/informativa-sulla-privacy\/"},"modified":"2022-07-22T09:46:58","modified_gmt":"2022-07-22T07:46:58","slug":"informativa-sulla-privacy","status":"publish","type":"page","link":"https:\/\/espanissimo.com\/it\/informativa-sulla-privacy\/","title":{"rendered":"Informativa sulla privacy"},"content":{"rendered":"<p data-start=\"183\" data-end=\"259\">Politiche sulla Privacy e sulla Protezione dei Dati del <a class=\"decorated-link\" href=\"https:\/\/espanissimo.com\/it\/\" target=\"_new\" rel=\"noopener\" data-start=\"235\" data-end=\"259\">sito https:\/\/espanissimo.com\/<\/a><\/p>\n<h2 data-start=\"261\" data-end=\"294\">1. Propriet\u00e0 del sito web<\/h2>\n<p data-start=\"295\" data-end=\"532\">Il proprietario di questo sito \u00e8:<br data-start=\"321\" data-end=\"324\"><strong data-start=\"324\" data-end=\"349\">Nome o nome aziendale:<\/strong> Espanissimo<br data-start=\"361\" data-end=\"364\"><strong data-start=\"364\" data-end=\"388\">ID fiscale (DNI o CIF):<\/strong> 45386017W<br data-start=\"398\" data-end=\"401\"><strong data-start=\"401\" data-end=\"413\">Indirizzo:<\/strong> Calle Ancha 36, 11510 Puerto Real (Cadice), Spagna<br data-start=\"462\" data-end=\"465\"><strong data-start=\"465\" data-end=\"479\">Telefono:<\/strong> +34 603 65 27 40<br data-start=\"496\" data-end=\"499\"><strong data-start=\"499\" data-end=\"509\">Email:<\/strong> <a class=\"decorated-link cursor-pointer\" rel=\"noopener\" data-start=\"510\" data-end=\"530\">info@espanissimo.com<\/a><\/p>\n<h2 data-start=\"539\" data-end=\"579\"><\/h2>\n<h2 data-start=\"539\" data-end=\"579\">2. Politica di protezione dei dati personali<\/h2>\n<p data-start=\"580\" data-end=\"1129\">La presente Politica sulla Privacy, in conformit\u00e0 con il Regolamento (UE) 2016\/679 del Parlamento Europeo e del Consiglio del 27 aprile 2016 relativo alla protezione delle persone fisiche riguardo al trattamento dei dati personali e alla libera circolazione di tali dati (GDPR-UE), e con le disposizioni della Legge Organica 3\/2018 del 5 dicembre sul Controllo dei Dati Personali e la Garanzia dei Diritti Digitali (LOPDGDD),  fa parte dei Termini e Condizioni Generali che regolano il <a class=\"decorated-link\" href=\"https:\/\/espanissimo.com\/it\/\" target=\"_new\" rel=\"noopener\" data-start=\"1048\" data-end=\"1072\">sito https:\/\/espanissimo.com\/<\/a>, insieme alla <a href=\"https:\/\/espanissimo.com\/politica-de-cookies\/\">Cookie Policy<\/a> e all&#8217;Avviso <a href=\"https:\/\/espanissimo.com\/it\/avviso-legale\/\">legale<\/a>.<\/p>\n<p data-start=\"1131\" data-end=\"1489\">Miguel Los Barroso si riserva il diritto di modificare o adattare questa Informativa sulla Privacy in qualsiasi momento. Pertanto, consigliamo di consultarlo ogni volta che accedi al sito web.<br data-start=\"1291\" data-end=\"1294\">Se l&#8217;utente si \u00e8 registrato sul sito web e accede al proprio account o profilo, sar\u00e0 informato se sono state apportate modifiche sostanziali riguardo al trattamento dei propri dati personali. <\/p>\n<h2 data-start=\"1496\" data-end=\"1534\"><\/h2>\n<h2 data-start=\"1496\" data-end=\"1534\">2.1. Chi \u00e8 il Responsabile dei Dati?<\/h2>\n<p data-start=\"1535\" data-end=\"1744\">I dati raccolti o forniti volontariamente tramite il sito web\u2014tramite navigazione, moduli di contatto, email o telefono\u2014saranno raccolti e trattati da Miguel Los Barroso, i cui dati sono i seguenti:<\/p>\n<p data-start=\"1746\" data-end=\"1912\"><strong data-start=\"1746\" data-end=\"1759\">Identit\u00e0:<\/strong> Espanissimo<br data-start=\"1771\" data-end=\"1774\"><strong data-start=\"1774\" data-end=\"1793\">Indirizzo postale:<\/strong> Calle Ancha 36, 11510 Puerto Real (Cadice), Spagna<br data-start=\"1842\" data-end=\"1845\"><strong data-start=\"1845\" data-end=\"1859\">Telefono:<\/strong> +34 603 65 27 40<br data-start=\"1876\" data-end=\"1879\"><strong data-start=\"1879\" data-end=\"1889\">Email:<\/strong> <a class=\"decorated-link cursor-pointer\" rel=\"noopener\" data-start=\"1890\" data-end=\"1910\">info@espanissimo.com<\/a><\/p>\n<h3 data-start=\"1919\" data-end=\"1971\"><\/h3>\n<h2 data-start=\"1919\" data-end=\"1971\">2.2. Quali sono i tuoi diritti riguardo ai tuoi dati?<\/h2>\n<p data-start=\"1972\" data-end=\"2377\">Chiunque ha il diritto di ottenere informazioni sull&#8217;esistenza del trattamento dei propri dati personali, di accedere alle informazioni che Miguel Los Barroso detiene, di richiedere la rettifica di dati inaccurati o, quando opportuno, di richiedere la cancellazione quando, tra le altre ragioni, i dati non sono pi\u00f9 necessari per gli scopi per cui sono stati raccolti o il soggetto revoca il consenso.<\/p>\n<p data-start=\"2379\" data-end=\"2540\">In alcuni casi, il soggetto pu\u00f2 richiedere la restrizione del trattamento; In tali casi, i dati saranno conservati solo come richiesto dalle normative vigenti.<\/p>\n<p data-start=\"2542\" data-end=\"2760\">In alcune circostanze, puoi esercitare il tuo diritto alla portabilit\u00e0 dei dati, il che significa che i tuoi dati saranno forniti in un formato strutturato, comunemente usato e leggibile da macchina, sia a te sia a un altro controller che tu designi.<\/p>\n<p data-start=\"2762\" data-end=\"2896\">Hai il diritto di ritirare il consenso in qualsiasi momento per qualsiasi attivit\u00e0 di trattamento per cui hai precedentemente dato il consenso.<\/p>\n<p data-start=\"2898\" data-end=\"3044\">Miguel Los Barroso fornisce moduli per l&#8217;esercizio di questi diritti. Per facilitare ci\u00f2, i link ai moduli di richiesta per ogni diritto sono inclusi di seguito: <\/p>\n<ul data-start=\"3045\" data-end=\"3502\">\n<li data-start=\"3045\" data-end=\"3100\">\n<p data-start=\"3047\" data-end=\"3100\">Modulo di richiesta diritti di accesso \u2013 <a href=\"https:\/\/www.aepd.es\/documento\/formulario-derecho-de-acceso.pdf\" target=\"_blank\" rel=\"noopener\">Clicca qui per scaricare<\/a><\/p>\n<\/li>\n<li data-start=\"3101\" data-end=\"3163\">\n<p data-start=\"3103\" data-end=\"3163\">Modulo di richiesta dei diritti di rettifica \u2013 <a href=\"https:\/\/www.aepd.es\/documento\/formulario-derecho-de-rectificacion.pdf\" target=\"_blank\" rel=\"noopener\">Clicca qui per scaricare<\/a><\/p>\n<\/li>\n<li data-start=\"3164\" data-end=\"3222\">\n<p data-start=\"3166\" data-end=\"3222\">Modulo di richiesta diritti di obiezione \u2013 <a href=\"https:\/\/www.aepd.es\/documento\/formulario-derecho-de-oposicion.pdf\" target=\"_blank\" rel=\"noopener\">Clicca qui per scaricare<\/a><\/p>\n<\/li>\n<li data-start=\"3223\" data-end=\"3298\">\n<p data-start=\"3225\" data-end=\"3298\">Modulo di richiesta per la cancellazione (&#8220;diritto all&#8217;oblio&#8221;) \u2013 <a href=\"https:\/\/www.aepd.es\/documento\/formulario-derecho-de-supresion.pdf\" target=\"_blank\" rel=\"noopener\">Clicca qui per scaricare<\/a><\/p>\n<\/li>\n<li data-start=\"3299\" data-end=\"3366\">\n<p data-start=\"3301\" data-end=\"3366\">Modulo di richiesta di restrizione dell&#8217;elaborazione \u2013 <a href=\"https:\/\/www.aepd.es\/documento\/formulario-derecho-de-limitacion.pdf\" target=\"_blank\" rel=\"noopener\">Clicca qui per scaricare<\/a><\/p>\n<\/li>\n<li data-start=\"3367\" data-end=\"3432\">\n<p data-start=\"3369\" data-end=\"3432\">Modulo di richiesta per i diritti di portabilit\u00e0 dei dati \u2013 <a href=\"https:\/\/www.aepd.es\/documento\/formulario-derecho-de-portabilidad.pdf\" target=\"_blank\" rel=\"noopener\">Clicca qui per scaricare<\/a><\/p>\n<\/li>\n<li data-start=\"3433\" data-end=\"3502\">\n<p data-start=\"3435\" data-end=\"3502\">Modulo di obiezione automatico per il processo decisionale \u2013 <a href=\"https:\/\/www.aepd.es\/documento\/formulario-derecho-de-oposicion-decisiones-automatizadas.pdf\" target=\"_blank\" rel=\"noopener\">Clicca qui per scaricare<\/a><\/p>\n<\/li>\n<\/ul>\n<p data-start=\"3504\" data-end=\"3600\">Puoi anche utilizzare i moduli forniti dall&#8217;Agenzia Spagnola per la Protezione dei Dati o da terze parti.<\/p>\n<p data-start=\"3602\" data-end=\"3687\">Per esercitare i tuoi diritti con Miguel Los Barroso, puoi utilizzare i seguenti metodi:<\/p>\n<ol data-start=\"3688\" data-end=\"3978\">\n<li data-start=\"3688\" data-end=\"3840\">\n<p data-start=\"3690\" data-end=\"3840\">Su richiesta scritta e firmata indirizzata <strong data-start=\"3733\" data-end=\"3748\">a Espa\u00f1olissimo<\/strong>, Calle Ancha 36, 11510 Puerto Real (Cadice), con il riferimento &#8220;Esercizio dei Diritti GDPR&#8221;.<\/p>\n<\/li>\n<li data-start=\"3841\" data-end=\"3978\">\n<p data-start=\"3843\" data-end=\"3978\">Inviando un modulo scansionato e firmato via email a <strong data-start=\"3893\" data-end=\"3917\"><a class=\"decorated-link cursor-pointer\" rel=\"noopener\" data-start=\"3895\" data-end=\"3915\">info@espanissimo.com<\/a><\/strong>, indicando &#8220;Esercizio dei diritti GDPR&#8221; nell&#8217;oggetto.<\/p>\n<\/li>\n<\/ol>\n<p data-start=\"3980\" data-end=\"4157\">Questi moduli devono essere accompagnati da una copia della carta d&#8217;identit\u00e0. Se agisci tramite un rappresentante, devi includere anche una copia del suo documento d&#8217;identit\u00e0 e un documento che dimostri la rappresentazione. <\/p>\n<p data-start=\"4159\" data-end=\"4501\">Hai il diritto di presentare un reclamo <strong data-start=\"4208\" data-end=\"4249\">all&#8217;Agenzia Spagnola per la Protezione dei Dati (AEPD)<\/strong> se ritieni che i tuoi diritti non siano stati adeguatamente rispettati. Il tempo massimo di risposta \u00e8 di un mese dalla ricezione della richiesta, anche se, a seconda della complessit\u00e0 o del numero di richieste, questo pu\u00f2 essere prorogato di altri due mesi dopo il preavviso. <\/p>\n<h3 data-start=\"4508\" data-end=\"4561\"><\/h3>\n<h2 data-start=\"4508\" data-end=\"4561\">2.3. Quali dati raccogliamo tramite il sito web?<\/h2>\n<p>&nbsp;<\/p>\n<h2 data-start=\"4563\" data-end=\"4596\">2.3.1. Responsabilit\u00e0 dell&#8217;utente<\/h2>\n<p data-start=\"4597\" data-end=\"5012\">Fornendo i dati elettronicamente, l&#8217;utente garantisce di avere pi\u00f9 di 14 anni e che i dati forniti a Miguel Los Barroso siano veri, accurati, completi e aggiornati.<br data-start=\"4774\" data-end=\"4777\">L&#8217;utente \u00e8 responsabile dell&#8217;accuratezza delle informazioni fornite e deve mantenerle aggiornate in modo che riflettano la sua situazione reale, essendo responsabile per dati falsi o inaccurati forniti e per eventuali danni diretti o indiretti che possano verificarsi.<\/p>\n<p data-start=\"5014\" data-end=\"5060\">I seguenti gruppi di dati possono essere raccolti:<\/p>\n<p data-start=\"5014\" data-end=\"5060\">\n<h2 data-start=\"5062\" data-end=\"5118\">2.3.2. Dati raccolti tramite la navigazione e l&#8217;uso del sito web<\/h2>\n<p data-start=\"5119\" data-end=\"5204\">Semplicemente navigando sul sito web, Miguel Los Barroso pu\u00f2 raccogliere informazioni come:<\/p>\n<ul data-start=\"5205\" data-end=\"5306\">\n<li data-start=\"5205\" data-end=\"5219\">\n<p data-start=\"5207\" data-end=\"5219\">Indirizzo IP<\/p>\n<\/li>\n<li data-start=\"5220\" data-end=\"5239\">\n<p data-start=\"5222\" data-end=\"5239\">Versione browser<\/p>\n<\/li>\n<li data-start=\"5240\" data-end=\"5260\">\n<p data-start=\"5242\" data-end=\"5260\">Sistema operativo<\/p>\n<\/li>\n<li data-start=\"5261\" data-end=\"5306\">\n<p data-start=\"5263\" data-end=\"5306\">Durata della visita o della sessione di navigazione<\/p>\n<\/li>\n<\/ul>\n<p data-start=\"5308\" data-end=\"5524\">Queste informazioni sono raccolte tramite <strong data-start=\"5346\" data-end=\"5366\">Google Analytics<\/strong>, quindi vi rimandiamo all&#8217;Informativa sulla Privacy di Google: <a class=\"decorated-link\" href=\"http:\/\/www.google.com\/intl\/en\/policies\/privacy\/\" target=\"_new\" rel=\"noopener\" data-start=\"5423\" data-end=\"5521\">http:\/\/www.google.com\/intl\/en\/policies\/privacy\/<\/a>.<\/p>\n<p data-start=\"5526\" data-end=\"5871\">Allo stesso modo, quando il sito utilizza <strong data-start=\"5559\" data-end=\"5574\">Google Maps<\/strong>, se concedi il permesso, lo strumento pu\u00f2 accedere alla tua posizione per fornire maggiore precisione riguardo alle indicazioni o alla distanza dai nostri uffici. Per dettagli, consulta l&#8217;Informativa sulla Privacy di Google Maps: <a class=\"decorated-link\" href=\"http:\/\/www.google.com\/intl\/en\/policies\/privacy\/\" target=\"_new\" rel=\"noopener\" data-start=\"5770\" data-end=\"5868\">http:\/\/www.google.com\/intl\/en\/policies\/privacy\/<\/a>. <\/p>\n<p data-start=\"5873\" data-end=\"6105\">Queste informazioni non sono collegate a nessun utente specifico e sono memorizzate nei nostri database per analisi statistiche, miglioramenti del sito web, ottimizzazione di prodotti\/servizi e pianificazione strategica. I dati non saranno condivisi con terze parti. <\/p>\n<p data-start=\"5873\" data-end=\"6105\">\n<h2 data-start=\"6107\" data-end=\"6153\">2.3.3. Registrazione Utente sul sito web<\/h2>\n<p data-start=\"6154\" data-end=\"6391\">Per accedere a determinati prodotti o servizi, gli utenti devono registrarsi sul sito web. Il modulo di registrazione richieder\u00e0 dati personali specifici, contrassegnati con un asterisco (*) come obbligatorio. La mancata fornitura di questi campi impedir\u00e0 la registrazione.  <\/p>\n<p data-start=\"6393\" data-end=\"6577\">Il nome utente e la password sono personali e non trasferibili. Gli utenti sono responsabili di mantenerli al sicuro e non dovrebbero condividerli. Un sistema di recupero password \u00e8 disponibile quando necessario.  <\/p>\n<p data-start=\"6579\" data-end=\"6718\">In questo caso, i dati di navigazione saranno collegati ai dati di registrazione, identificando l&#8217;utente specifico per personalizzare le offerte di prodotti e servizi.<\/p>\n<p data-start=\"6720\" data-end=\"7097\">I dati di registrazione degli utenti, insieme alla cronologia degli acquisti, saranno archiviati nei database di Miguel Los Barroso e conservati fino a quando l&#8217;utente non cancella il proprio account. Dopo la cancellazione, i dati relativi alle transazioni saranno conservati in modo sicuro per 10 anni per rispettare gli obblighi legali; Altri dati non transazionali saranno conservati per 3 anni o cancellati immediatamente se il consenso viene ritirato. <\/p>\n<p data-start=\"7099\" data-end=\"7291\">La base giuridica per l&#8217;elaborazione \u00e8 <strong data-start=\"7137\" data-end=\"7164\">l&#8217;esecuzione di un contratto<\/strong> tra le parti. Per le comunicazioni di marketing o le risposte a richieste di informazioni, la base legale \u00e8 il <strong data-start=\"7272\" data-end=\"7288\">consenso dell&#8217;utente<\/strong>. <\/p>\n<p data-start=\"7293\" data-end=\"7323\">Le finalit\u00e0 di trattamento includono:<\/p>\n<ul data-start=\"7324\" data-end=\"7591\">\n<li data-start=\"7324\" data-end=\"7378\">\n<p data-start=\"7326\" data-end=\"7378\">Gestione della registrazione e dell&#8217;accesso degli utenti al sito.<\/p>\n<\/li>\n<li data-start=\"7379\" data-end=\"7433\">\n<p data-start=\"7381\" data-end=\"7433\">Gestione dell&#8217;acquisto di prodotti e\/o servizi.<\/p>\n<\/li>\n<li data-start=\"7434\" data-end=\"7488\">\n<p data-start=\"7436\" data-end=\"7488\">Informare gli utenti sull&#8217;elaborazione e lo stato degli ordini.<\/p>\n<\/li>\n<li data-start=\"7489\" data-end=\"7532\">\n<p data-start=\"7491\" data-end=\"7532\">Rispondere a richieste di informazioni.<\/p>\n<\/li>\n<li data-start=\"7533\" data-end=\"7591\">\n<p data-start=\"7535\" data-end=\"7591\">Gestione degli strumenti offerti agli utenti, studenti o membri.<\/p>\n<\/li>\n<\/ul>\n<p data-start=\"7593\" data-end=\"7859\">Gli utenti possono ricevere notifiche via email o telefono riguardo a incidenti, problemi o aggiornamenti sugli ordini. Sar\u00e0 richiesto il consenso espresso per le comunicazioni di marketing, e gli utenti potranno ritirarlo in qualsiasi momento tramite i metodi indicati o disiscriversi direttamente in ogni messaggio. <\/p>\n<p data-start=\"7593\" data-end=\"7859\">\n<h2 data-start=\"7861\" data-end=\"7909\">2.3.4. Dati forniti tramite il modulo di contatto<\/h2>\n<p data-start=\"7910\" data-end=\"8114\">Gli utenti possono contattarci direttamente tramite la sezione &#8220;Contattaci&#8221;. Per farlo, devono fornire informazioni personali contrassegnate con un asterisco (*). Il mancato completamento dei campi richiesti impedir\u00e0 l&#8217;invio.  <\/p>\n<p data-start=\"8116\" data-end=\"8254\">Questi dati saranno incorporati nei database di Miguel Los Barroso, conservati fino a 3 anni per rispondere alle richieste e poi cancellati.<\/p>\n<p data-start=\"8256\" data-end=\"8374\">La base legale \u00e8 il <strong data-start=\"8279\" data-end=\"8297\">consenso dell&#8217;utente<\/strong> quando si richiede informazioni o si mantiene il contatto.<br data-start=\"8349\" data-end=\"8352\">Scopi di elaborazione:<\/p>\n<ul data-start=\"8375\" data-end=\"8567\">\n<li data-start=\"8375\" data-end=\"8450\">\n<p data-start=\"8377\" data-end=\"8450\">Gestire le domande o le richieste inviate tramite il sito web, via email o telefono.<\/p>\n<\/li>\n<li data-start=\"8451\" data-end=\"8567\">\n<p data-start=\"8453\" data-end=\"8567\">Inviare comunicazioni, promozioni o notizie rilevanti per i tuoi interessi (opzionale e richiede il consenso esplicito).<\/p>\n<\/li>\n<\/ul>\n<p data-start=\"8569\" data-end=\"8641\">Nessun dato fornito tramite questo canale sar\u00e0 condiviso con terze parti.<\/p>\n<p data-start=\"8569\" data-end=\"8641\">\n<h2 data-start=\"8643\" data-end=\"8669\">2.3.5. Lavora con noi<\/h2>\n<p data-start=\"8670\" data-end=\"8885\">Se fornisci il <strong data-start=\"8690\" data-end=\"8710\">tuo Curriculum Vitae<\/strong> tramite il sito web, via email o fisicamente in qualsiasi ufficio, sar\u00e0 incorporato nel nostro database per un anno, dopo il quale sar\u00e0 cancellato se non \u00e8 stato effettuato alcun contatto.<\/p>\n<p data-start=\"8887\" data-end=\"9150\">La base legale \u00e8 il <strong data-start=\"8910\" data-end=\"8929\">consenso esplicito<\/strong> del candidato presentando il proprio CV.<br data-start=\"8970\" data-end=\"8973\">Scopo: includerti nei processi di selezione attuali o futuri. Se vieni assunto, i dati del tuo CV saranno integrati nei nostri sistemi per gestire il rapporto di lavoro. <\/p>\n<h4 data-start=\"9152\" data-end=\"9173\"><\/h4>\n<h2 data-start=\"9152\" data-end=\"9173\">2.3.6. Biscotti<\/h2>\n<p data-start=\"9174\" data-end=\"9439\">Questo sito utilizza <strong data-start=\"9192\" data-end=\"9205\">i &#8220;cookie&#8221;<\/strong>\u2014piccoli file di dati inviati da un server web e memorizzati sul tuo dispositivo. Questi permettono al sistema di ricordare le preferenze di navigazione delle sessioni precedenti per migliorare l&#8217;esperienza utente.<br data-start=\"9377\" data-end=\"9380\">I cookie presenti su questo sito web non sono n\u00e9 invasivi n\u00e9 dannosi. <\/p>\n<p data-start=\"9441\" data-end=\"9649\">Miguel Los Barroso non \u00e8 responsabile delle pratiche di privacy di terze parti collegate da questo sito. L&#8217;accesso ai contenuti di terze parti richiede agli utenti di accettare le proprie politiche sui cookie, che sono al di fuori del nostro controllo. <\/p>\n<p data-start=\"9651\" data-end=\"9787\">Includere tali link non implica l&#8217;approvazione del sito o del servizio collegato.<br data-start=\"9729\" data-end=\"9732\">Ulteriori informazioni sono disponibili nella nostra <a href=\"https:\/\/espanissimo.com\/politica-de-cookies\/\"><strong data-start=\"9769\" data-end=\"9786\">Politica sui Biscotti<\/strong><\/a>.<\/p>\n<h3 data-start=\"9794\" data-end=\"9840\"><\/h3>\n<h2 data-start=\"9794\" data-end=\"9840\">2.4. Come proteggiamo le tue informazioni?<\/h2>\n<p data-start=\"9841\" data-end=\"9923\">Da Miguel Los Barroso, siamo impegnati a proteggere le tue informazioni personali.<\/p>\n<p data-start=\"9925\" data-end=\"10153\">Utilizziamo misure fisiche, organizzative e tecnologiche affidabili per mantenere l&#8217;integrit\u00e0, la sicurezza e la riservatezza dei tuoi dati. Tutto il personale con accesso ai dati personali \u00e8 formato e consapevole dei propri obblighi. <\/p>\n<p data-start=\"10155\" data-end=\"10342\">I contratti con i nostri fornitori includono clausole di riservatezza e richiedono misure di sicurezza tecniche e organizzative appropriate per garantire la protezione, l&#8217;integrit\u00e0 e la resilienza dei dati.<\/p>\n<p data-start=\"10344\" data-end=\"10421\">Queste misure vengono periodicamente riviste per garantire la loro efficacia continua.<\/p>\n<p data-start=\"10423\" data-end=\"10700\">Tuttavia, la sicurezza assoluta non pu\u00f2 essere garantita e nessun sistema \u00e8 del tutto impenetrabile. Se qualsiasi informazione sotto il nostro controllo viene compromessa a causa di una violazione della sicurezza, indagheremo, notificheremo l&#8217;autorit\u00e0 di supervisione competente e, dove opportuno, informeremo gli utenti interessati. <\/p>\n<h3 data-start=\"10707\" data-end=\"10726\"><\/h3>\n<h2 data-start=\"10707\" data-end=\"10726\">3. Contattaci<\/h2>\n<p data-start=\"10727\" data-end=\"10927\">Se hai domande sui termini di questa Informativa sulla Privacy o desideri fare suggerimenti o raccomandazioni, ti preghiamo di contattarci tramite il Modulo di Contatto o via email <strong data-start=\"10902\" data-end=\"10926\"><a class=\"decorated-link cursor-pointer\" rel=\"noopener\" data-start=\"10904\" data-end=\"10924\">all&#8217;indirizzo info@espanissimo.com<\/a><\/strong>.<\/p>\n<p>&nbsp;<\/p>\n<p style=\"font-size: 10px; font-style: italic; margin-bottom: 50px;\">Disclaimer: Questa notifica legale \u00e8 stata generata tramite <a href=\"http:\/\/webhoy.es\/\" target=\"_blank\" rel=\"noopener\" data-saferedirecturl=\"https:\/\/www.google.com\/url?q=http:\/\/webhoy.es&amp;source=gmail&amp;ust=1681299837253000&amp;usg=AOvVaw3GbYud-YU9awFAnUGRU3Oz\">webhoy.es<\/a>. Digital Sumus SLU (&#8220;WEBHOY&#8221;) non si assume alcuna responsabilit\u00e0 per la validit\u00e0 legale di questo documento. Digital Sumus SLU non garantisce la veridicit\u00e0 o l&#8217;accuratezza dei contenuti ed \u00e8 esente da qualsiasi responsabilit\u00e0 contrattuale o non contrattuale per gli utenti che lo utilizzano. Digital Sumus SLU si rifiuta di ogni responsabilit\u00e0 per eventuali danni o perdite che potrebbero derivare dall&#8217;uso di questo documento da parte degli utenti che accedono al sito o del proprietario del sito. Tutta la responsabilit\u00e0 relativa a questo documento ricade esclusivamente e esclusivamente sul proprietario di questo sito web, che \u00e8 responsabile della cancellazione, modifica e garanzia dell&#8217;accuratezza e legalit\u00e0 delle informazioni qui contenute. Grazie mille per aver utilizzato il nostro generatore di testo legale. Speriamo che ti sia stato utile.<br \/>\nCordiali saluti,<br \/>\n Att. <a href=\"https:\/\/webhoy.es\/\" target=\"_blank\" rel=\"noopener\" data-saferedirecturl=\"https:\/\/www.google.com\/url?q=https:\/\/webhoy.es&amp;source=gmail&amp;ust=1733399226579000&amp;usg=AOvVaw2N7d4xN_24Dzew6IO2pNW3\"><strong>Webhoy | Agencia de Marketing Digital y Dise\u00f1o Web<\/strong><\/a>      <\/p>\n","protected":false},"excerpt":{"rendered":"<p>Politiche sulla Privacy e sulla Protezione dei Dati del sito https:\/\/espanissimo.com\/ 1. Propriet\u00e0 del sito web Il proprietario di questo sito \u00e8:Nome o nome aziendale: EspanissimoID fiscale (DNI o CIF): 45386017WIndirizzo: Calle Ancha 36, 11510 Puerto Real (Cadice), SpagnaTelefono: +34 603 65 27 40Email: info@espanissimo.com 2. Politica di protezione dei dati personali La presente Politica [&hellip;]<\/p>\n","protected":false},"author":1,"featured_media":0,"parent":0,"menu_order":0,"comment_status":"closed","ping_status":"closed","template":"","meta":{"site-sidebar-layout":"default","site-content-layout":"default","ast-site-content-layout":"default","site-content-style":"default","site-sidebar-style":"default","ast-global-header-display":"","ast-banner-title-visibility":"","ast-main-header-display":"","ast-hfb-above-header-display":"","ast-hfb-below-header-display":"","ast-hfb-mobile-header-display":"","site-post-title":"","ast-breadcrumbs-content":"","ast-featured-img":"","footer-sml-layout":"","ast-disable-related-posts":"","theme-transparent-header-meta":"default","adv-header-id-meta":"","stick-header-meta":"","header-above-stick-meta":"","header-main-stick-meta":"","header-below-stick-meta":"","astra-migrate-meta-layouts":"default","ast-page-background-enabled":"default","ast-page-background-meta":{"desktop":{"background-color":"var(--ast-global-color-4)","background-image":"","background-repeat":"repeat","background-position":"center center","background-size":"auto","background-attachment":"scroll","background-type":"","background-media":"","overlay-type":"","overlay-color":"","overlay-opacity":"","overlay-gradient":""},"tablet":{"background-color":"","background-image":"","background-repeat":"repeat","background-position":"center center","background-size":"auto","background-attachment":"scroll","background-type":"","background-media":"","overlay-type":"","overlay-color":"","overlay-opacity":"","overlay-gradient":""},"mobile":{"background-color":"","background-image":"","background-repeat":"repeat","background-position":"center center","background-size":"auto","background-attachment":"scroll","background-type":"","background-media":"","overlay-type":"","overlay-color":"","overlay-opacity":"","overlay-gradient":""}},"ast-content-background-meta":{"desktop":{"background-color":"var(--ast-global-color-5)","background-image":"","background-repeat":"repeat","background-position":"center center","background-size":"auto","background-attachment":"scroll","background-type":"","background-media":"","overlay-type":"","overlay-color":"","overlay-opacity":"","overlay-gradient":""},"tablet":{"background-color":"var(--ast-global-color-5)","background-image":"","background-repeat":"repeat","background-position":"center center","background-size":"auto","background-attachment":"scroll","background-type":"","background-media":"","overlay-type":"","overlay-color":"","overlay-opacity":"","overlay-gradient":""},"mobile":{"background-color":"var(--ast-global-color-5)","background-image":"","background-repeat":"repeat","background-position":"center center","background-size":"auto","background-attachment":"scroll","background-type":"","background-media":"","overlay-type":"","overlay-color":"","overlay-opacity":"","overlay-gradient":""}},"footnotes":""},"class_list":["post-1229","page","type-page","status-publish","hentry"],"_links":{"self":[{"href":"https:\/\/espanissimo.com\/it\/wp-json\/wp\/v2\/pages\/1229","targetHints":{"allow":["GET"]}}],"collection":[{"href":"https:\/\/espanissimo.com\/it\/wp-json\/wp\/v2\/pages"}],"about":[{"href":"https:\/\/espanissimo.com\/it\/wp-json\/wp\/v2\/types\/page"}],"author":[{"embeddable":true,"href":"https:\/\/espanissimo.com\/it\/wp-json\/wp\/v2\/users\/1"}],"replies":[{"embeddable":true,"href":"https:\/\/espanissimo.com\/it\/wp-json\/wp\/v2\/comments?post=1229"}],"version-history":[{"count":0,"href":"https:\/\/espanissimo.com\/it\/wp-json\/wp\/v2\/pages\/1229\/revisions"}],"wp:attachment":[{"href":"https:\/\/espanissimo.com\/it\/wp-json\/wp\/v2\/media?parent=1229"}],"curies":[{"name":"wp","href":"https:\/\/api.w.org\/{rel}","templated":true}]}}