{"id":1231,"date":"2024-10-30T16:14:00","date_gmt":"2024-10-30T15:14:00","guid":{"rendered":"https:\/\/espanissimo.com\/termini-e-condizioni-di-acquisto\/"},"modified":"2024-10-30T16:14:00","modified_gmt":"2024-10-30T15:14:00","slug":"termini-e-condizioni-di-acquisto","status":"publish","type":"page","link":"https:\/\/espanissimo.com\/it\/termini-e-condizioni-di-acquisto\/","title":{"rendered":"Termini e Condizioni di Acquisto"},"content":{"rendered":"<h2 data-start=\"192\" data-end=\"216\">1. Quadro giuridico<\/h2>\n<p data-start=\"217\" data-end=\"519\">In conformit\u00e0 con le normative attuali, l&#8217;entit\u00e0 <strong data-start=\"268\" data-end=\"283\">Espa\u00f1olissimo<\/strong>, operante online tramite <a class=\"decorated-link\" href=\"https:\/\/espanissimo.com\/it\/\" target=\"_new\" rel=\"noopener\" data-start=\"323\" data-end=\"347\">questo sito web https:\/\/espanissimo.com\/<\/a>, di seguito elenca i termini e le condizioni generali per il contratto dei prodotti e\/o servizi offerti da esso, che generano i diritti e gli obblighi delle parti.<\/p>\n<h3 data-start=\"526\" data-end=\"549\"> <\/h3>\n<h2 data-start=\"526\" data-end=\"549\">2. Identificazione<\/h2>\n<p data-start=\"550\" data-end=\"803\">Questi Termini e Condizioni Generali (di seguito &#8220;Termini&#8221;) regolano il rapporto tra <strong data-start=\"641\" data-end=\"663\">Miguel Los Barroso<\/strong> (di seguito il &#8220;Fornitore&#8221;) e i clienti (d&#8217;ora in poi l'&#8221;Utente&#8221;) riguardo a tutte le transazioni effettuate tramite il sito web del negozio online.<\/p>\n<h2 data-start=\"805\" data-end=\"831\"> <\/h2>\n<h2 data-start=\"805\" data-end=\"831\">2.1. Compagnia di Offerte<\/h2>\n<ul data-start=\"832\" data-end=\"1072\">\n<li data-start=\"832\" data-end=\"861\">\n<p data-start=\"834\" data-end=\"861\">Nome azienda: Espanissimo<\/p>\n<\/li>\n<li data-start=\"862\" data-end=\"896\">\n<p data-start=\"864\" data-end=\"896\">Nome commerciale: Miguel Los Barroso<\/p>\n<\/li>\n<li data-start=\"897\" data-end=\"915\">\n<p data-start=\"899\" data-end=\"915\">CIF: 45386017W<\/p>\n<\/li>\n<li data-start=\"916\" data-end=\"943\">\n<p data-start=\"918\" data-end=\"943\">Indirizzo: Calle Ancha 36<\/p>\n<\/li>\n<li data-start=\"944\" data-end=\"965\">\n<p data-start=\"946\" data-end=\"965\">Citt\u00e0: Puerto Real<\/p>\n<\/li>\n<li data-start=\"966\" data-end=\"985\">\n<p data-start=\"968\" data-end=\"985\">Provincia: Cadice<\/p>\n<\/li>\n<li data-start=\"986\" data-end=\"1008\">\n<p data-start=\"988\" data-end=\"1008\">Codice postale: 11510<\/p>\n<\/li>\n<li data-start=\"1009\" data-end=\"1040\">\n<p data-start=\"1011\" data-end=\"1040\">Telefono: +34 603 65 27 40<\/p>\n<\/li>\n<li data-start=\"1041\" data-end=\"1072\">\n<p data-start=\"1043\" data-end=\"1072\">Email: <a class=\"decorated-link cursor-pointer\" rel=\"noopener\" data-start=\"1050\" data-end=\"1070\">info@espanissimo.com<\/a><\/p>\n<\/li>\n<\/ul>\n<h2 data-start=\"1074\" data-end=\"1094\"> <\/h2>\n<h2 data-start=\"1074\" data-end=\"1094\">2.2. L&#8217;Utente<\/h2>\n<p data-start=\"1095\" data-end=\"1441\">Il termine <strong data-start=\"1104\" data-end=\"1112\">Utente<\/strong> o <strong data-start=\"1116\" data-end=\"1126\">Cliente<\/strong> si riferisce all&#8217;utente di Internet che acquisisce questo status registrandosi sul sito tramite un modulo e a cui vengono assegnati un nome utente e una password, di cui \u00e8 pienamente responsabile. L&#8217;Utente \u00e8 inoltre responsabile dell&#8217;accuratezza dei dati personali forniti al Fornitore, come descritto nella sezione Registrazione Utenti. <\/p>\n<h2 data-start=\"1448\" data-end=\"1467\"> <\/h2>\n<h2 data-start=\"1448\" data-end=\"1467\">3. Accettazione<\/h2>\n<p data-start=\"1468\" data-end=\"1519\">Accettando questi Termini, l&#8217;Utente dichiara che:<\/p>\n<ol data-start=\"1520\" data-end=\"1641\">\n<li data-start=\"1520\" data-end=\"1600\">\n<p data-start=\"1522\" data-end=\"1600\">Sono legalmente in grado di stipulare contratti secondo le normative applicabili.<\/p>\n<\/li>\n<li data-start=\"1601\" data-end=\"1641\">\n<p data-start=\"1603\" data-end=\"1641\">Hanno letto e accettano questi Termini.<\/p>\n<\/li>\n<\/ol>\n<h3 data-start=\"1648\" data-end=\"1669\"> <\/h3>\n<h2 data-start=\"1648\" data-end=\"1669\">4. Disponibilit\u00e0<\/h2>\n<p data-start=\"1670\" data-end=\"1820\">L&#8217;Utente avr\u00e0 sempre accesso, prima di avviare il processo di acquisto, a questi Termini, che possono essere memorizzati e\/o riprodotti su un supporto durabile.<\/p>\n<h3 data-start=\"1827\" data-end=\"1856\"> <\/h3>\n<h2 data-start=\"1827\" data-end=\"1856\">5. Validit\u00e0 o durata<\/h2>\n<p data-start=\"1857\" data-end=\"2097\">La validit\u00e0 o la durata di questi Termini e di eventuali termini contrattuali specifici dureranno finch\u00e9 rimarranno pubblicati sul sito e si applicheranno dal momento in cui l&#8217;Utente acceder\u00e0 al sito o proceder\u00e0 con l&#8217;acquisto di qualsiasi prodotto.<\/p>\n<h3 data-start=\"2104\" data-end=\"2126\"> <\/h3>\n<h2 data-start=\"2104\" data-end=\"2126\">6. Modifiche<\/h2>\n<p data-start=\"2127\" data-end=\"2269\">Il Fornitore si riserva il diritto di modificare unilateralmente questi Termini senza compromettere prodotti o promozioni precedentemente acquisiti dall&#8217;Utente.<\/p>\n<p data-start=\"2271\" data-end=\"2403\">L&#8217;Utente si impegna a leggere attentamente i termini ogni volta che effettua un acquisto, poich\u00e9 questi potrebbero essere stati modificati dall&#8217;ultimo accesso.<\/p>\n<h3 data-start=\"2410\" data-end=\"2426\"> <\/h3>\n<h2 data-start=\"2410\" data-end=\"2426\">7. Nullit\u00e0<\/h2>\n<p data-start=\"2427\" data-end=\"2623\">Se una clausola di questi Termini \u00e8 dichiarata totalmente o parzialmente nulla o inefficace, tale nullit\u00e0 influenzer\u00e0 solo quella disposizione o parte di essa, con il resto dei Termini ancora in vigue.<\/p>\n<h3 data-start=\"2630\" data-end=\"2661\"> <\/h3>\n<h2 data-start=\"2630\" data-end=\"2661\">8. Oggetto del contratto<\/h2>\n<p data-start=\"2662\" data-end=\"2812\">Questo contratto regola l&#8217;accordo di vendita tra il Fornitore e l&#8217;Utente quando l&#8217;Utente accetta un acquisto durante il processo di contratto online.<\/p>\n<p data-start=\"2814\" data-end=\"2945\">La vendita prevede la consegna di uno o pi\u00f9 prodotti specifici in cambio di un prezzo dichiarato pubblicamente mostrato sul sito web.<\/p>\n<p data-start=\"2947\" data-end=\"3129\">Ogni prodotto pu\u00f2 avere termini specifici dettagliati nella sezione garanzia, resi, ritiro o nella scheda tecnica del prodotto, a seconda del formato, del packaging o della natura del prodotto.<\/p>\n<h3 data-start=\"3136\" data-end=\"3162\"> <\/h3>\n<h2 data-start=\"3136\" data-end=\"3162\">9. Registrazione Utente<\/h2>\n<p data-start=\"3163\" data-end=\"3322\">L&#8217;utente pu\u00f2 registrarsi sul sito web dopo aver completato un acquisto. I dati personali obbligatori includono: nome completo, paese, indirizzo, numero di telefono ed email. <\/p>\n<h3 data-start=\"3329\" data-end=\"3355\"> <\/h3>\n<h2 data-start=\"3329\" data-end=\"3355\">10. Ambito geografico<\/h2>\n<p data-start=\"3356\" data-end=\"3492\">Questo sito web opera e vende esclusivamente in Spagna. Il contenuto \u00e8 destinato esclusivamente a individui e entit\u00e0 legali residenti in Spagna. <\/p>\n<h3 data-start=\"3499\" data-end=\"3527\"> <\/h3>\n<h2 data-start=\"3499\" data-end=\"3527\">11. Formazione del contratto<\/h2>\n<p data-start=\"3528\" data-end=\"3672\">Una volta completato il processo di acquisto, l&#8217;ordine viene considerato effettuato e il contratto tra l&#8217;Utente e il Fornitore \u00e8 ritenuto formalizzato.<\/p>\n<h3 data-start=\"3679\" data-end=\"3694\"> <\/h3>\n<h2 data-start=\"3679\" data-end=\"3694\">12. Prezzo<\/h2>\n<p data-start=\"3695\" data-end=\"3851\">I prezzi dei prodotti sono chiaramente indicati nelle loro descrizioni e includono le tasse applicabili. I costi di spedizione sono indicati separatamente prima di finalizzare l&#8217;acquisto. <\/p>\n<h3 data-start=\"3858\" data-end=\"3883\"> <\/h3>\n<h2 data-start=\"3858\" data-end=\"3883\">13. Metodi di pagamento<\/h2>\n<p data-start=\"3884\" data-end=\"4049\">I metodi di pagamento disponibili sono visualizzati sul sito web. Gli utenti possono scegliere tra le opzioni offerte. Il pagamento avviene tramite un ambiente sicuro e affidabile.  <\/p>\n<h3 data-start=\"4056\" data-end=\"4095\"> <\/h3>\n<h2 data-start=\"4056\" data-end=\"4095\">14. Fasi del processo di acquisto<\/h2>\n<p data-start=\"4096\" data-end=\"4151\">Il processo di acquisto consiste nei seguenti passaggi:<\/p>\n<ol data-start=\"4153\" data-end=\"4893\">\n<li data-start=\"4153\" data-end=\"4267\">\n<p data-start=\"4156\" data-end=\"4267\"><strong data-start=\"4156\" data-end=\"4178\">Selezione dei prodotti:<\/strong> L&#8217;acquirente seleziona prodotti o servizi da acquistare e li aggiunge al carrello.<\/p>\n<\/li>\n<li data-start=\"4268\" data-end=\"4485\">\n<p data-start=\"4271\" data-end=\"4485\"><strong data-start=\"4271\" data-end=\"4308\">Informazioni su fatturazione e spedizione:<\/strong> L&#8217;acquirente fornisce informazioni accurate su fatturazione e spedizione, inclusi nome, indirizzo, numero di telefono ed email. L&#8217;acquirente \u00e8 responsabile dell&#8217;accuratezza di queste informazioni. <\/p>\n<\/li>\n<li data-start=\"4486\" data-end=\"4630\">\n<p data-start=\"4489\" data-end=\"4630\"><strong data-start=\"4489\" data-end=\"4518\">Scelta del metodo di pagamento:<\/strong> L&#8217;acquirente sceglie un metodo di pagamento, che pu\u00f2 includere carta di credito, bonifico bancario o altri metodi disponibili.<\/p>\n<\/li>\n<li data-start=\"4631\" data-end=\"4893\">\n<p data-start=\"4634\" data-end=\"4893\"><strong data-start=\"4634\" data-end=\"4663\">Revisione e pagamento dell&#8217;ordine:<\/strong> Prima di completare l&#8217;acquisto, l&#8217;acquirente esamina, conferma l&#8217;ordine e completa il pagamento. Cliccando su &#8220;Conferma acquisto&#8221; o un pulsante simile, l&#8217;acquirente fa un&#8217;offerta per acquistare i prodotti o servizi selezionati. <\/p>\n<\/li>\n<\/ol>\n<h3 data-start=\"4900\" data-end=\"4931\"> <\/h3>\n<h2 data-start=\"4900\" data-end=\"4931\">15. Conferma dell&#8217;acquisto<\/h2>\n<p data-start=\"4932\" data-end=\"5079\">Una volta completato il pagamento e ricevuto la conferma sul sito web, viene stipulato un contratto di acquisto tra il Venditore e l&#8217;Acquirente.<\/p>\n<h3 data-start=\"5086\" data-end=\"5115\"> <\/h3>\n<h2 data-start=\"5086\" data-end=\"5115\">16. Diritto di ritiro<\/h2>\n<p data-start=\"5116\" data-end=\"5308\">L&#8217;acquirente ha il diritto di esercitare il diritto di prelievo in conformit\u00e0 con la legislazione vigente. Il periodo di prelievo e le condizioni sono dettagliati nella sezione <strong data-start=\"5273\" data-end=\"5284\">Resi<\/strong> del nostro sito web. <\/p>\n<h3 data-start=\"5315\" data-end=\"5382\"> <\/h3>\n<h2 data-start=\"5315\" data-end=\"5382\">17. Servizio clienti: Assistenza, suggerimenti e reclami<\/h2>\n<p data-start=\"5383\" data-end=\"5583\">Il nostro team di assistenza clienti \u00e8 disponibile per assistere l&#8217;acquirente con qualsiasi domanda, suggerimento o reclamo. Contattaci tramite <strong data-start=\"5499\" data-end=\"5523\"><a class=\"decorated-link cursor-pointer\" rel=\"noopener\" data-start=\"5501\" data-end=\"5521\">info@espanissimo.com<\/a><\/strong> o telefonicamente al +34 603 65 27 40 durante gli orari specificati. <\/p>\n<h3 data-start=\"5590\" data-end=\"5616\"> <\/h3>\n<h2 data-start=\"5590\" data-end=\"5616\">18. Garanzia del prodotto<\/h2>\n<p data-start=\"5617\" data-end=\"5883\">I nostri prodotti sono coperti dalla garanzia del produttore, che ha una durata specifica descritta nelle informazioni sul nostro sito web. Per prodotti difettosi o problematici, l&#8217;acquirente pu\u00f2 richiedere la riparazione, la sostituzione o un rimborso secondo i termini della garanzia. <\/p>\n<h3 data-start=\"5890\" data-end=\"5915\"> <\/h3>\n<h2 data-start=\"5890\" data-end=\"5915\">19. Diritti del venditore<\/h2>\n<p data-start=\"5916\" data-end=\"5950\">Ci riserviamo i seguenti diritti:<\/p>\n<ul data-start=\"5952\" data-end=\"6281\">\n<li data-start=\"5952\" data-end=\"6079\">\n<p data-start=\"5954\" data-end=\"6079\"><strong data-start=\"5954\" data-end=\"5972\">Modifica i prezzi:<\/strong> Possiamo modificare i prezzi di prodotti o servizi in qualsiasi momento. Le variazioni di prezzo non influenzano gli acquisti gi\u00e0 effettuati. <\/p>\n<\/li>\n<li data-start=\"6080\" data-end=\"6174\">\n<p data-start=\"6082\" data-end=\"6174\"><strong data-start=\"6082\" data-end=\"6100\">Ordini di rifiuto:<\/strong> Potremmo rifiutare ordini a causa di carenza di scorte o violazioni di questi Termini.<\/p>\n<\/li>\n<li data-start=\"6175\" data-end=\"6281\">\n<p data-start=\"6177\" data-end=\"6281\"><strong data-start=\"6177\" data-end=\"6196\">Modifica il sito web:<\/strong> Possiamo modificare, sospendere o interrompere il sito web in qualsiasi momento senza preavviso.<\/p>\n<\/li>\n<\/ul>\n<h3 data-start=\"6288\" data-end=\"6321\"> <\/h3>\n<h2 data-start=\"6288\" data-end=\"6321\">20. Limitazione di responsabilit\u00e0<\/h2>\n<p data-start=\"6322\" data-end=\"6359\">Il Venditore non sar\u00e0 responsabile per:<\/p>\n<ul data-start=\"6361\" data-end=\"6503\">\n<li data-start=\"6361\" data-end=\"6412\">\n<p data-start=\"6363\" data-end=\"6412\">Danni indiretti, incidentali o conseguenti.<\/p>\n<\/li>\n<li data-start=\"6413\" data-end=\"6444\">\n<p data-start=\"6415\" data-end=\"6444\">Perdita di profitti o ricavi.<\/p>\n<\/li>\n<li data-start=\"6445\" data-end=\"6503\">\n<p data-start=\"6447\" data-end=\"6503\">Interruzioni del servizio per motivi al di fuori del nostro controllo.<\/p>\n<\/li>\n<\/ul>\n<h3 data-start=\"6510\" data-end=\"6550\"> <\/h3>\n<h2 data-start=\"6510\" data-end=\"6550\">21. Diritto di Governo e Giurisdizione<\/h2>\n<p data-start=\"6551\" data-end=\"6738\">Questi Termini saranno regolati e interpretati in conformit\u00e0 con le leggi spagnole. Qualsiasi controversia derivante da questi Termini rientrer\u00e0 nella giurisdizione esclusiva dei tribunali di Cadice. <\/p>\n<h3 data-start=\"6745\" data-end=\"6815\"> <\/h3>\n<h2 data-start=\"6745\" data-end=\"6815\">22. Piattaforma di risoluzione delle controversie online per consumatori e commercianti<\/h2>\n<p data-start=\"6816\" data-end=\"7101\">Per la risoluzione online delle controversie, la Commissione Europea ha creato una piattaforma per consumatori e commercianti. Accedi alla piattaforma qui: <a class=\"decorated-link\" href=\"https:\/\/webgate.ec.europa.eu\/odr\/main\/index.cfm?event=main.home.show&amp;lng=ES\" target=\"_new\" rel=\"noopener\" data-start=\"6947\" data-end=\"7101\">https:\/\/webgate.ec.europa.eu\/odr\/main\/index.cfm?event=main.home.show&amp;lng=ES<\/a> <\/p>\n","protected":false},"excerpt":{"rendered":"<p>1. Quadro giuridico In conformit\u00e0 con le normative attuali, l&#8217;entit\u00e0 Espa\u00f1olissimo, operante online tramite questo sito web https:\/\/espanissimo.com\/, di seguito elenca i termini e le condizioni generali per il contratto dei prodotti e\/o servizi offerti da esso, che generano i diritti e gli obblighi delle parti. 2. Identificazione Questi Termini e Condizioni Generali (di seguito [&hellip;]<\/p>\n","protected":false},"author":1,"featured_media":0,"parent":0,"menu_order":0,"comment_status":"closed","ping_status":"closed","template":"","meta":{"site-sidebar-layout":"default","site-content-layout":"","ast-site-content-layout":"default","site-content-style":"default","site-sidebar-style":"default","ast-global-header-display":"","ast-banner-title-visibility":"","ast-main-header-display":"","ast-hfb-above-header-display":"","ast-hfb-below-header-display":"","ast-hfb-mobile-header-display":"","site-post-title":"","ast-breadcrumbs-content":"","ast-featured-img":"","footer-sml-layout":"","ast-disable-related-posts":"","theme-transparent-header-meta":"default","adv-header-id-meta":"","stick-header-meta":"","header-above-stick-meta":"","header-main-stick-meta":"","header-below-stick-meta":"","astra-migrate-meta-layouts":"default","ast-page-background-enabled":"default","ast-page-background-meta":{"desktop":{"background-color":"var(--ast-global-color-4)","background-image":"","background-repeat":"repeat","background-position":"center center","background-size":"auto","background-attachment":"scroll","background-type":"","background-media":"","overlay-type":"","overlay-color":"","overlay-opacity":"","overlay-gradient":""},"tablet":{"background-color":"","background-image":"","background-repeat":"repeat","background-position":"center center","background-size":"auto","background-attachment":"scroll","background-type":"","background-media":"","overlay-type":"","overlay-color":"","overlay-opacity":"","overlay-gradient":""},"mobile":{"background-color":"","background-image":"","background-repeat":"repeat","background-position":"center center","background-size":"auto","background-attachment":"scroll","background-type":"","background-media":"","overlay-type":"","overlay-color":"","overlay-opacity":"","overlay-gradient":""}},"ast-content-background-meta":{"desktop":{"background-color":"var(--ast-global-color-5)","background-image":"","background-repeat":"repeat","background-position":"center center","background-size":"auto","background-attachment":"scroll","background-type":"","background-media":"","overlay-type":"","overlay-color":"","overlay-opacity":"","overlay-gradient":""},"tablet":{"background-color":"var(--ast-global-color-5)","background-image":"","background-repeat":"repeat","background-position":"center center","background-size":"auto","background-attachment":"scroll","background-type":"","background-media":"","overlay-type":"","overlay-color":"","overlay-opacity":"","overlay-gradient":""},"mobile":{"background-color":"var(--ast-global-color-5)","background-image":"","background-repeat":"repeat","background-position":"center center","background-size":"auto","background-attachment":"scroll","background-type":"","background-media":"","overlay-type":"","overlay-color":"","overlay-opacity":"","overlay-gradient":""}},"footnotes":""},"class_list":["post-1231","page","type-page","status-publish","hentry"],"_links":{"self":[{"href":"https:\/\/espanissimo.com\/it\/wp-json\/wp\/v2\/pages\/1231","targetHints":{"allow":["GET"]}}],"collection":[{"href":"https:\/\/espanissimo.com\/it\/wp-json\/wp\/v2\/pages"}],"about":[{"href":"https:\/\/espanissimo.com\/it\/wp-json\/wp\/v2\/types\/page"}],"author":[{"embeddable":true,"href":"https:\/\/espanissimo.com\/it\/wp-json\/wp\/v2\/users\/1"}],"replies":[{"embeddable":true,"href":"https:\/\/espanissimo.com\/it\/wp-json\/wp\/v2\/comments?post=1231"}],"version-history":[{"count":0,"href":"https:\/\/espanissimo.com\/it\/wp-json\/wp\/v2\/pages\/1231\/revisions"}],"wp:attachment":[{"href":"https:\/\/espanissimo.com\/it\/wp-json\/wp\/v2\/media?parent=1231"}],"curies":[{"name":"wp","href":"https:\/\/api.w.org\/{rel}","templated":true}]}}